{"id":3012,"date":"2022-07-26T13:22:47","date_gmt":"2022-07-26T11:22:47","guid":{"rendered":"https:\/\/www.tierhilfeweidenberg.de\/?page_id=3012"},"modified":"2022-07-26T13:22:47","modified_gmt":"2022-07-26T11:22:47","slug":"erfolgsgeschichten","status":"publish","type":"page","link":"https:\/\/www.tierhilfeweidenberg.de\/en\/erfolgsgeschichten\/","title":{"rendered":"Erfolgsgeschichten"},"content":{"rendered":"\n<p>Hier m\u00f6chten wir euch unsere Erfolge pr\u00e4sentieren: zur\u00fcckgebrachte Fundtiere oder neue Freundschaften durch erfolgreiche Tiervermittlungen. Es gibt viel zu erz\u00e4hlen.<\/p>\n\n\n<style type='text\/css' media='all'>#rt-tpg-container-4081224521 .rt-holder .rt-woo-info .price{color:#0367bf;}body .rt-tpg-container .rt-tpg-isotope-buttons .selected,\n\t\t\t\t\t#rt-tpg-container-4081224521 .layout12 .rt-holder:hover .rt-detail,\n\t\t\t\t\t#rt-tpg-container-4081224521 .isotope8 .rt-holder:hover .rt-detail,\n\t\t\t\t\t#rt-tpg-container-4081224521 .carousel8 .rt-holder:hover .rt-detail,\n\t\t\t\t\t#rt-tpg-container-4081224521 .layout13 .rt-holder .overlay .post-info,\n\t\t\t\t\t#rt-tpg-container-4081224521 .isotope9 .rt-holder .overlay .post-info,\n\t\t\t\t\t#rt-tpg-container-4081224521.rt-tpg-container .layout4 .rt-holder .rt-detail,\n\t\t\t\t\t.rt-modal-4081224521 .md-content,\n\t\t\t\t\t.rt-modal-4081224521 .md-content > .rt-md-content-holder .rt-md-content,\n\t\t\t\t\t.rt-popup-wrap-4081224521.rt-popup-wrap .rt-popup-navigation-wrap,\n\t\t\t\t\t#rt-tpg-container-4081224521 .carousel9 .rt-holder .overlay .post-info{background-color:#0367bf;}#rt-tpg-container-4081224521 .layout5 .rt-holder .overlay, #rt-tpg-container-4081224521 .isotope2 .rt-holder .overlay, #rt-tpg-container-4081224521 .carousel2 .rt-holder .overlay,#rt-tpg-container-4081224521 .layout15 .rt-holder h3, #rt-tpg-container-4081224521 .isotope11 .rt-holder h3, #rt-tpg-container-4081224521 .carousel11 .rt-holder h3, #rt-tpg-container-4081224521 .layout16 .rt-holder h3,\n\t\t\t\t\t#rt-tpg-container-4081224521 .isotope12 .rt-holder h3, #rt-tpg-container-4081224521 .carousel12 .rt-holder h3 {background-color:rgba(3,103,191,0.8);}#rt-tpg-container-4081224521 .read-more a{border-radius:px;}#rt-tpg-container-4081224521 .rt-img-holder img.rt-img-responsive,#rt-tpg-container-4081224521 .rt-img-holder,\n\t\t\t\t\t#rt-tpg-container-4081224521 .rt-post-overlay .post-img,\n\t\t\t\t\t#rt-tpg-container-4081224521 .post-sm .post-img,\n\t\t\t\t\t#rt-tpg-container-4081224521 .rt-post-grid .post-img,\n\t\t\t\t\t#rt-tpg-container-4081224521 .post-img img {border-radius:px;}<\/style><div class='rt-container-fluid rt-tpg-container tpg-shortcode-main-wrapper ' id='rt-tpg-container-4081224521'   data-layout='layout1' data-grid-style='even' data-desktop-col='2'  data-tab-col='2'  data-mobile-col='1' data-sc-id='3011'><div data-title='Loading ...' class='rt-row rt-content-loader   layout1 tpg-even '><div class=\"rt-col-md-6 rt-col-sm-6 rt-col-xs-12 even-grid-item rt-grid-item\" data-id=\"3740\"><div class=\"rt-holder\"><div class=\"rt-img-holder\"><a data-id=\"3740\" class=\"\" href=\"https:\/\/www.tierhilfeweidenberg.de\/en\/sirius\/\"><img loading=\"lazy\" decoding=\"async\" class=\"rt-img-responsive \" src=\"https:\/\/www.tierhilfeweidenberg.de\/wp-content\/uploads\/2023\/09\/1000067354.jpg\" width=\"773\" height=\"1024\" alt=\"Sirius\" \/><\/a><\/div><div class='rt-detail'><h3 class=\"entry-title\"><a data-id=\"3740\" class=\"\" href=\"https:\/\/www.tierhilfeweidenberg.de\/en\/sirius\/\">Sirius<\/a><\/h3><div class='post-meta-user  '><span class='author'><i class='fa fa-user '><\/i><a href=\"https:\/\/www.tierhilfeweidenberg.de\/en\/author\/moderator\/\">Tierhilfe Weidenberg<\/a><\/span><span class='date'><i class='far fa-calendar-alt '><\/i>18.09.2023<\/span><\/div><div class='tpg-excerpt'>Die heilende Kraft, die Tiere auf Menschen aus\u00fcben, ist wissenschaftlich belegt.Wir alle, die wir mit...<\/div><div class='post-meta '><span class='read-more'><a data-id='3740' class='' href='https:\/\/www.tierhilfeweidenberg.de\/en\/sirius\/'>Read More<\/a><\/span><\/div><\/div><\/div><\/div><div class=\"rt-col-md-6 rt-col-sm-6 rt-col-xs-12 even-grid-item rt-grid-item\" data-id=\"3328\"><div class=\"rt-holder\"><div class=\"rt-img-holder\"><a data-id=\"3328\" class=\"\" href=\"https:\/\/www.tierhilfeweidenberg.de\/en\/diagnose-fip\/\"><img loading=\"lazy\" decoding=\"async\" class=\"rt-img-responsive \" src=\"https:\/\/www.tierhilfeweidenberg.de\/wp-content\/uploads\/2023\/04\/20230423_061501.jpg\" width=\"720\" height=\"677\" alt=\"Diagnosis FIP\" \/><\/a><\/div><div class='rt-detail'><h3 class=\"entry-title\"><a data-id=\"3328\" class=\"\" href=\"https:\/\/www.tierhilfeweidenberg.de\/en\/diagnose-fip\/\">Diagnosis FIP<\/a><\/h3><div class='post-meta-user  '><span class='author'><i class='fa fa-user '><\/i><a href=\"https:\/\/www.tierhilfeweidenberg.de\/en\/author\/moderator\/\">Tierhilfe Weidenberg<\/a><\/span><span class='date'><i class='far fa-calendar-alt '><\/i>23.04.2023<\/span><\/div><div class='tpg-excerpt'>Feline infectious peritonitis (FIP) is a disease feared by every cat owner. Caused by a...<\/div><div class='post-meta '><span class='read-more'><a data-id='3328' class='' href='https:\/\/www.tierhilfeweidenberg.de\/en\/diagnose-fip\/'>Read More<\/a><\/span><\/div><\/div><\/div><\/div><div class=\"rt-col-md-6 rt-col-sm-6 rt-col-xs-12 even-grid-item rt-grid-item\" data-id=\"2965\"><div class=\"rt-holder\"><div class=\"rt-img-holder\"><a data-id=\"2965\" class=\"\" href=\"https:\/\/www.tierhilfeweidenberg.de\/en\/besuch-im-katzentempel\/\"><img loading=\"lazy\" decoding=\"async\" class=\"rt-img-responsive \" src=\"https:\/\/www.tierhilfeweidenberg.de\/wp-content\/uploads\/2022\/06\/20220613_130613-300x148.jpg\" width=\"300\" height=\"148\" alt=\"Besuch im Katzentempel\" \/><\/a><\/div><div class='rt-detail'><h3 class=\"entry-title\"><a data-id=\"2965\" class=\"\" href=\"https:\/\/www.tierhilfeweidenberg.de\/en\/besuch-im-katzentempel\/\">Besuch im Katzentempel<\/a><\/h3><div class='post-meta-user  '><span class='author'><i class='fa fa-user '><\/i><a href=\"https:\/\/www.tierhilfeweidenberg.de\/en\/author\/moderator\/\">Tierhilfe Weidenberg<\/a><\/span><span class='date'><i class='far fa-calendar-alt '><\/i>15.06.2022<\/span><\/div><div class='tpg-excerpt'>Am Pfingstwochenende waren wir im Katzentempel N\u00fcrnberg zu Gast, um uns nach dem Befinden unserer...<\/div><div class='post-meta '><span class='read-more'><a data-id='2965' class='' href='https:\/\/www.tierhilfeweidenberg.de\/en\/besuch-im-katzentempel\/'>Read More<\/a><\/span><\/div><\/div><\/div><\/div><div class=\"rt-col-md-6 rt-col-sm-6 rt-col-xs-12 even-grid-item rt-grid-item\" data-id=\"2448\"><div class=\"rt-holder\"><div class='rt-detail'><h3 class=\"entry-title\"><a data-id=\"2448\" class=\"\" href=\"https:\/\/www.tierhilfeweidenberg.de\/en\/nala-lio-puma-die-geschichte-einer-wunderbaren-vermittlung\/\">Nala, Lio &#038; Puma &#8211;  die Geschichte einer wunderbaren Vermittlung<\/a><\/h3><div class='post-meta-user  '><span class='author'><i class='fa fa-user '><\/i><a href=\"https:\/\/www.tierhilfeweidenberg.de\/en\/author\/moderator\/\">Tierhilfe Weidenberg<\/a><\/span><span class='date'><i class='far fa-calendar-alt '><\/i>02.05.2021<\/span><\/div><div class='tpg-excerpt'>Im Juli 2020 fanden diese drei K\u00e4tzchen ein wundersch\u00f6nes neues Zuhause bei Caro und ihrer...<\/div><div class='post-meta '><span class='read-more'><a data-id='2448' class='' href='https:\/\/www.tierhilfeweidenberg.de\/en\/nala-lio-puma-die-geschichte-einer-wunderbaren-vermittlung\/'>Read More<\/a><\/span><\/div><\/div><\/div><\/div><div class=\"rt-col-md-6 rt-col-sm-6 rt-col-xs-12 even-grid-item rt-grid-item\" data-id=\"1962\"><div class=\"rt-holder\"><div class=\"rt-img-holder\"><a data-id=\"1962\" class=\"\" href=\"https:\/\/www.tierhilfeweidenberg.de\/en\/neo-ein-microchip-bringt-das-glueck-zurueck\/\"><img loading=\"lazy\" decoding=\"async\" class=\"rt-img-responsive \" src=\"https:\/\/www.tierhilfeweidenberg.de\/wp-content\/uploads\/2020\/01\/200106_Neo-200x300.jpg\" width=\"200\" height=\"300\" alt=\"Neo &#8211; Ein Microchip bringt das Gl\u00fcck zur\u00fcck\" \/><\/a><\/div><div class='rt-detail'><h3 class=\"entry-title\"><a data-id=\"1962\" class=\"\" href=\"https:\/\/www.tierhilfeweidenberg.de\/en\/neo-ein-microchip-bringt-das-glueck-zurueck\/\">Neo &#8211; Ein Microchip bringt das Gl\u00fcck zur\u00fcck<\/a><\/h3><div class='post-meta-user  '><span class='author'><i class='fa fa-user '><\/i><a href=\"https:\/\/www.tierhilfeweidenberg.de\/en\/author\/moderator\/\">Tierhilfe Weidenberg<\/a><\/span><span class='date'><i class='far fa-calendar-alt '><\/i>06.01.2020<\/span><\/div><div class='tpg-excerpt'>Neo Unser Kater Neo kam im M\u00e4rz 2012 zu uns, als er knapp ein Jahr...<\/div><div class='post-meta '><span class='read-more'><a data-id='1962' class='' href='https:\/\/www.tierhilfeweidenberg.de\/en\/neo-ein-microchip-bringt-das-glueck-zurueck\/'>Read More<\/a><\/span><\/div><\/div><\/div><\/div><\/div><\/div>\n","protected":false},"excerpt":{"rendered":"<p>Hier m\u00f6chten wir euch unsere Erfolge pr\u00e4sentieren: zur\u00fcckgebrachte Fundtiere oder neue Freundschaften durch erfolgreiche Tiervermittlungen. Es gibt viel zu erz\u00e4hlen.<\/p>\n","protected":false},"author":1,"featured_media":0,"parent":0,"menu_order":0,"comment_status":"closed","ping_status":"closed","template":"","meta":{"_EventAllDay":false,"_EventTimezone":"","_EventStartDate":"","_EventEndDate":"","_EventStartDateUTC":"","_EventEndDateUTC":"","_EventShowMap":false,"_EventShowMapLink":false,"_EventURL":"","_EventCost":"","_EventCostDescription":"","_EventCurrencySymbol":"","_EventCurrencyCode":"","_EventCurrencyPosition":"","_EventDateTimeSeparator":"","_EventTimeRangeSeparator":"","_EventOrganizerID":[],"_EventVenueID":[],"_OrganizerEmail":"","_OrganizerPhone":"","_OrganizerWebsite":"","_VenueAddress":"","_VenueCity":"","_VenueCountry":"","_VenueProvince":"","_VenueState":"","_VenueZip":"","_VenuePhone":"","_VenueURL":"","_VenueStateProvince":"","_VenueLat":"","_VenueLng":"","_VenueShowMap":false,"_VenueShowMapLink":false,"footnotes":""},"class_list":["post-3012","page","type-page","status-publish","hentry"],"translation":{"provider":"WPGlobus","version":"3.0.2","language":"en","enabled_languages":["de","en"],"languages":{"de":{"title":true,"content":true,"excerpt":false},"en":{"title":false,"content":false,"excerpt":false}}},"rttpg_featured_image_url":null,"rttpg_author":{"display_name":"admin","author_link":"https:\/\/www.tierhilfeweidenberg.de\/en\/author\/redaktion\/"},"rttpg_comment":0,"rttpg_category":"","rttpg_excerpt":"Hier m\u00f6chten wir euch unsere Erfolge pr\u00e4sentieren: zur\u00fcckgebrachte Fundtiere oder neue Freundschaften durch erfolgreiche Tiervermittlungen. Es gibt viel zu erz\u00e4hlen.","_links":{"self":[{"href":"https:\/\/www.tierhilfeweidenberg.de\/en\/wp-json\/wp\/v2\/pages\/3012","targetHints":{"allow":["GET"]}}],"collection":[{"href":"https:\/\/www.tierhilfeweidenberg.de\/en\/wp-json\/wp\/v2\/pages"}],"about":[{"href":"https:\/\/www.tierhilfeweidenberg.de\/en\/wp-json\/wp\/v2\/types\/page"}],"author":[{"embeddable":true,"href":"https:\/\/www.tierhilfeweidenberg.de\/en\/wp-json\/wp\/v2\/users\/1"}],"replies":[{"embeddable":true,"href":"https:\/\/www.tierhilfeweidenberg.de\/en\/wp-json\/wp\/v2\/comments?post=3012"}],"version-history":[{"count":1,"href":"https:\/\/www.tierhilfeweidenberg.de\/en\/wp-json\/wp\/v2\/pages\/3012\/revisions"}],"predecessor-version":[{"id":3013,"href":"https:\/\/www.tierhilfeweidenberg.de\/en\/wp-json\/wp\/v2\/pages\/3012\/revisions\/3013"}],"wp:attachment":[{"href":"https:\/\/www.tierhilfeweidenberg.de\/en\/wp-json\/wp\/v2\/media?parent=3012"}],"curies":[{"name":"wp","href":"https:\/\/api.w.org\/{rel}","templated":true}]}}